{"id":163,"date":"2025-07-08T08:03:16","date_gmt":"2025-07-08T06:03:16","guid":{"rendered":"https:\/\/neu.sankt-matthias.de\/?page_id=163"},"modified":"2026-04-01T18:28:18","modified_gmt":"2026-04-01T16:28:18","slug":"neustart-wagen","status":"publish","type":"page","link":"https:\/\/neu.sankt-matthias.de\/?page_id=163","title":{"rendered":"Neustart wagen"},"content":{"rendered":"\t\t<div data-elementor-type=\"wp-page\" data-elementor-id=\"163\" class=\"elementor elementor-163\" data-elementor-post-type=\"page\">\n\t\t\t\t<div class=\"elementor-element elementor-element-ff062b0 e-flex e-con-boxed e-con e-parent\" data-id=\"ff062b0\" data-element_type=\"container\" data-e-type=\"container\" data-settings=\"{&quot;background_background&quot;:&quot;classic&quot;}\">\n\t\t\t\t\t<div class=\"e-con-inner\">\n\t\t<div class=\"elementor-element elementor-element-bea4f95 e-con-full e-flex e-con e-child\" data-id=\"bea4f95\" data-element_type=\"container\" data-e-type=\"container\" data-settings=\"{&quot;background_background&quot;:&quot;classic&quot;}\">\n\t\t\t\t<\/div>\n\t\t\t\t\t<\/div>\n\t\t\t\t<\/div>\n\t\t<div class=\"elementor-element elementor-element-a53a66c e-flex e-con-boxed e-con e-parent\" data-id=\"a53a66c\" data-element_type=\"container\" data-e-type=\"container\">\n\t\t\t\t\t<div class=\"e-con-inner\">\n\t\t<div class=\"elementor-element elementor-element-47d72ab e-con-full e-flex e-con e-child\" data-id=\"47d72ab\" data-element_type=\"container\" data-e-type=\"container\">\n\t\t\t\t<div class=\"elementor-element elementor-element-700df32 elementor-widget elementor-widget-heading\" data-id=\"700df32\" data-element_type=\"widget\" data-e-type=\"widget\" data-widget_type=\"heading.default\">\n\t\t\t\t<div class=\"elementor-widget-container\">\n\t\t\t\t\t<h2 class=\"elementor-heading-title elementor-size-default\">Neustart wagen<\/h2>\t\t\t\t<\/div>\n\t\t\t\t<\/div>\n\t\t\t\t<div class=\"elementor-element elementor-element-3f1d861 elementor-widget elementor-widget-text-editor\" data-id=\"3f1d861\" data-element_type=\"widget\" data-e-type=\"widget\" data-widget_type=\"text-editor.default\">\n\t\t\t\t<div class=\"elementor-widget-container\">\n\t\t\t\t\t\t\t\t\t<p>Ob Abitur oder Fachhochschulreife \u2013 bei uns finden Sie den passenden Weg auf dem zweiten Bildungsweg. Wir begleiten Sie pers\u00f6nlich, strukturiert und mit Herz.<\/p>\t\t\t\t\t\t\t\t<\/div>\n\t\t\t\t<\/div>\n\t\t\t\t<div class=\"elementor-element elementor-element-217c84d scroll-icon elementor-view-default elementor-widget elementor-widget-icon\" data-id=\"217c84d\" data-element_type=\"widget\" data-e-type=\"widget\" data-widget_type=\"icon.default\">\n\t\t\t\t<div class=\"elementor-widget-container\">\n\t\t\t\t\t\t\t<div class=\"elementor-icon-wrapper\">\n\t\t\t<a class=\"elementor-icon\" href=\"#dreiwege\">\n\t\t\t<svg aria-hidden=\"true\" class=\"e-font-icon-svg e-fas-chevron-down\" viewBox=\"0 0 448 512\" xmlns=\"http:\/\/www.w3.org\/2000\/svg\"><path d=\"M207.029 381.476L12.686 187.132c-9.373-9.373-9.373-24.569 0-33.941l22.667-22.667c9.357-9.357 24.522-9.375 33.901-.04L224 284.505l154.745-154.021c9.379-9.335 24.544-9.317 33.901.04l22.667 22.667c9.373 9.373 9.373 24.569 0 33.941L240.971 381.476c-9.373 9.372-24.569 9.372-33.942 0z\"><\/path><\/svg>\t\t\t<\/a>\n\t\t<\/div>\n\t\t\t\t\t\t<\/div>\n\t\t\t\t<\/div>\n\t\t\t\t<\/div>\n\t\t\t\t\t<\/div>\n\t\t\t\t<\/div>\n\t\t<div class=\"elementor-element elementor-element-1ed5470 e-flex e-con-boxed e-con e-parent\" data-id=\"1ed5470\" data-element_type=\"container\" data-e-type=\"container\">\n\t\t\t\t\t<div class=\"e-con-inner\">\n\t\t\t\t<div class=\"elementor-element elementor-element-2a7b29a elementor-widget elementor-widget-html\" data-id=\"2a7b29a\" data-element_type=\"widget\" data-e-type=\"widget\" data-widget_type=\"html.default\">\n\t\t\t\t<div class=\"elementor-widget-container\">\n\t\t\t\t\t<section style=\"padding: 40px 20px; background: #f7f9fb;\">\r\n  <div style=\"display: flex; flex-wrap: wrap; gap: 2rem; justify-content: center; max-width: 1200px; margin: auto;\">\r\n\r\n    <!-- Gymnasium -->\r\n    <div style=\"flex: 1 1 300px; background: white; padding: 2rem; border-radius: 16px; box-shadow: 0 4px 16px rgba(0,0,0,0.05); text-align: left;\">\r\n      <h2 style=\"font-size: 1.5rem; margin-bottom: 1rem;\">\ud83d\udcd8 Gymnasium<\/h2>\r\n      <p style=\"color: #444;\">3\u20135 Jahre zur allgemeinen Hochschulreife<\/p>\r\n      <ul style=\"padding-left: 1.2rem; margin-top: 1rem; line-height: 1.6;\">\r\n        <li>F\u00fcr Jugendliche & junge Erwachsene mit mittlerem Bildungsabschluss<\/li>\r\n        <li>Sprachen: Englisch, Latein, Altgriechisch, Franz\u00f6sisch<\/li>\r\n        <li>Individuelle Wege durch Vorkurse oder 11E<\/li>\r\n        <li>Staatlich anerkannt & BAf\u00f6G-f\u00f6rderf\u00e4hig<\/li>\r\n      <\/ul>\r\n    <\/div>\r\n\r\n    <!-- Kolleg -->\r\n    <div style=\"flex: 1 1 300px; background: white; padding: 2rem; border-radius: 16px; box-shadow: 0 4px 16px rgba(0,0,0,0.05); text-align: left;\">\r\n      <h2 style=\"font-size: 1.5rem; margin-bottom: 1rem;\">\ud83d\udcd7 Kolleg<\/h2>\r\n      <p style=\"color: #444;\">In 3\u20134 Jahren zum Abitur f\u00fcr Erwachsene<\/p>\r\n      <ul style=\"padding-left: 1.2rem; margin-top: 1rem; line-height: 1.6;\">\r\n        <li>Voraussetzung: abgeschlossene Berufsausbildung oder Berufserfahrung<\/li>\r\n        <li>Vormittagsunterricht \u2013 ideal bei famili\u00e4ren Verpflichtungen<\/li>\r\n        <li>Sprachen: Englisch, Latein, Franz\u00f6sisch<\/li>\r\n        <li>BAf\u00f6G-berechtigt<\/li>\r\n      <\/ul>\r\n    <\/div>\r\n\r\n    <!-- FOS -->\r\n    <div style=\"flex: 1 1 300px; background: white; padding: 2rem; border-radius: 16px; box-shadow: 0 4px 16px rgba(0,0,0,0.05); text-align: left;\">\r\n      <h2 style=\"font-size: 1.5rem; margin-bottom: 1rem;\">\ud83d\udcd9 Fachoberschule (FOS)<\/h2>\r\n      <p style=\"color: #444;\">In 2 Jahren zur Fachhochschulreife<\/p>\r\n      <ul style=\"padding-left: 1.2rem; margin-top: 1rem; line-height: 1.6;\">\r\n        <li>F\u00fcr Jugendliche mit mittlerem Bildungsabschluss<\/li>\r\n        <li>Praxisphase in Klasse 11 (z.\u202fB. Sozial-, Wirtschaftsbereich)<\/li>\r\n        <li>Fremdsprachen: Englisch, optional Spanisch<\/li>\r\n        <li>Staatlich anerkannt & BAf\u00f6G-f\u00f6rderf\u00e4hig<\/li>\r\n      <\/ul>\r\n    <\/div>\r\n\r\n  <\/div>\r\n<\/section>\r\n\r\n<section style=\"padding: 60px 20px; text-align: center;\">\r\n  <h2 style=\"font-size: 1.8rem; margin-bottom: 1rem;\">Welcher Weg passt zu mir?<\/h2>\r\n  <p style=\"max-width: 700px; margin: 0 auto 2rem;\">\r\n    Unsere Bildungsberatung hilft Ihnen dabei, den richtigen Einstieg zu finden. Vereinbaren Sie gerne ein pers\u00f6nliches Gespr\u00e4ch \u2013 telefonisch oder vor Ort.\r\n  <\/p>\r\n  <a href=\"#kontakt\" style=\"display: inline-block; padding: 0.75rem 2rem; background: #00B5E1; color: white; text-decoration: none; border-radius: 50px; font-weight: 600; transition: 0.3s;\">\r\n    Jetzt beraten lassen\r\n  <\/a>\r\n<\/section>\r\n\t\t\t\t<\/div>\n\t\t\t\t<\/div>\n\t\t\t\t\t<\/div>\n\t\t\t\t<\/div>\n\t\t<div class=\"elementor-element elementor-element-ee3af0e e-flex e-con-boxed e-con e-parent\" data-id=\"ee3af0e\" data-element_type=\"container\" data-e-type=\"container\">\n\t\t\t\t\t<div class=\"e-con-inner\">\n\t\t\t\t<div class=\"elementor-element elementor-element-d80e757 elementor-widget elementor-widget-html\" data-id=\"d80e757\" data-element_type=\"widget\" data-e-type=\"widget\" data-widget_type=\"html.default\">\n\t\t\t\t<div class=\"elementor-widget-container\">\n\t\t\t\t\t<section class=\"education-comparison\" style=\"margin: 3rem 0;\">\n  <h2 style=\"text-align: center; font-size: 2rem; margin-bottom: 1rem;\">Welcher Weg passt zu mir?<\/h2>\n  <div style=\"overflow-x:auto;\">\n    <table style=\"width:100%; border-collapse: collapse; font-family: sans-serif;\">\n      <thead>\n        <tr style=\"background-color: #f3f3f3; color: #333;\">\n          <th style=\"padding: 12px; border: 1px solid #ddd;\">Bildungsgang<\/th>\n          <th style=\"padding: 12px; border: 1px solid #ddd;\">Dauer<\/th>\n          <th style=\"padding: 12px; border: 1px solid #ddd;\">Abschluss<\/th>\n          <th style=\"padding: 12px; border: 1px solid #ddd;\">Voraussetzungen<\/th>\n          <th style=\"padding: 12px; border: 1px solid #ddd;\">Besonderheiten<\/th>\n        <\/tr>\n      <\/thead>\n      <tbody>\n        <tr>\n          <td style=\"padding: 12px; border: 1px solid #ddd;\"><strong>Gymnasium<\/strong><\/td>\n          <td style=\"padding: 12px; border: 1px solid #ddd;\">3\u20135 Jahre<\/td>\n          <td style=\"padding: 12px; border: 1px solid #ddd;\">Allgemeine Hochschulreife (Abitur)<\/td>\n          <td style=\"padding: 12px; border: 1px solid #ddd;\">Mittlerer Schulabschluss <br> oder abgeschlossene Ausbildung<\/td>\n          <td style=\"padding: 12px; border: 1px solid #ddd;\">Breites Sprachangebot (Lat.\/Griech.) <br> Einstieg \u00fcber 11E\/Vorkurs m\u00f6glich<\/td>\n        <\/tr>\n        <tr>\n          <td style=\"padding: 12px; border: 1px solid #ddd;\"><strong>Kolleg<\/strong><\/td>\n          <td style=\"padding: 12px; border: 1px solid #ddd;\">3\u20134 Jahre<\/td>\n          <td style=\"padding: 12px; border: 1px solid #ddd;\">Allgemeine Hochschulreife (Abitur)<\/td>\n          <td style=\"padding: 12px; border: 1px solid #ddd;\">Berufsausbildung oder <br> mehrj\u00e4hrige Berufserfahrung<\/td>\n          <td style=\"padding: 12px; border: 1px solid #ddd;\">Vormittagsunterricht <br> ideal f\u00fcr Erwachsene<\/td>\n        <\/tr>\n        <tr>\n          <td style=\"padding: 12px; border: 1px solid #ddd;\"><strong>Fachoberschule (FOS)<\/strong><\/td>\n          <td style=\"padding: 12px; border: 1px solid #ddd;\">2 Jahre<\/td>\n          <td style=\"padding: 12px; border: 1px solid #ddd;\">Fachhochschulreife<\/td>\n          <td style=\"padding: 12px; border: 1px solid #ddd;\">Mittlerer Bildungsabschluss<\/td>\n          <td style=\"padding: 12px; border: 1px solid #ddd;\">Praxisphase im 1. Jahr <br> moderne, kompakte Ausbildung<\/td>\n        <\/tr>\n      <\/tbody>\n    <\/table>\n  <\/div>\n<\/section>\n\t\t\t\t<\/div>\n\t\t\t\t<\/div>\n\t\t\t\t\t<\/div>\n\t\t\t\t<\/div>\n\t\t<div class=\"elementor-element elementor-element-d1d0445 e-flex e-con-boxed e-con e-parent\" data-id=\"d1d0445\" data-element_type=\"container\" data-e-type=\"container\">\n\t\t\t\t\t<div class=\"e-con-inner\">\n\t\t\t\t<div class=\"elementor-element elementor-element-fbbb3ea elementor-widget elementor-widget-text-editor\" data-id=\"fbbb3ea\" data-element_type=\"widget\" data-e-type=\"widget\" data-widget_type=\"text-editor.default\">\n\t\t\t\t<div class=\"elementor-widget-container\">\n\t\t\t\t\t\t\t\t\t<h3 data-start=\"749\" data-end=\"768\">\ud83c\udfdb\ufe0f Gymnasium<\/h3><p data-start=\"769\" data-end=\"821\"><strong data-start=\"769\" data-end=\"821\">In 3 bis 5 Jahren zur allgemeinen Hochschulreife<\/strong><\/p><p data-start=\"823\" data-end=\"1104\">Unser Gymnasium richtet sich an junge Erwachsene mit einem mittleren Schulabschluss oder einer abgeschlossenen Berufsausbildung.<br data-start=\"951\" data-end=\"954\" \/>Hier erleben Sie eine fundierte und klassische Schullaufbahn \u2013 in einer Atmosph\u00e4re, die auf Gemeinschaft, individuelle Betreuung und Motivation setzt.<\/p><p data-start=\"1106\" data-end=\"1125\"><strong data-start=\"1106\" data-end=\"1125\">Besonderheiten:<\/strong><\/p><ul data-start=\"1126\" data-end=\"1366\"><li data-start=\"1126\" data-end=\"1189\"><p data-start=\"1128\" data-end=\"1189\">Einstieg \u00fcber verschiedene Wege (11E, Vorkurs, Vorklasse G)<\/p><\/li><li data-start=\"1190\" data-end=\"1249\"><p data-start=\"1192\" data-end=\"1249\">Intensive Vorbereitung auf das bayerische Zentralabitur<\/p><\/li><li data-start=\"1250\" data-end=\"1308\"><p data-start=\"1252\" data-end=\"1308\">Sprachen: Englisch, Latein, Altgriechisch, Franz\u00f6sisch<\/p><\/li><li data-start=\"1309\" data-end=\"1350\"><p data-start=\"1311\" data-end=\"1350\">Kleine Klassen, pers\u00f6nliche Betreuung<\/p><\/li><li data-start=\"1351\" data-end=\"1366\"><p data-start=\"1353\" data-end=\"1366\">BAf\u00f6G m\u00f6glich<\/p><\/li><\/ul><p data-start=\"1368\" data-end=\"1399\">\u25b6 Mehr Infos zum <a class=\"\" href=\"#\" rel=\"noopener\" data-start=\"1385\" data-end=\"1399\">Gymnasium<\/a><\/p>\t\t\t\t\t\t\t\t<\/div>\n\t\t\t\t<\/div>\n\t\t\t\t\t<\/div>\n\t\t\t\t<\/div>\n\t\t<div class=\"elementor-element elementor-element-20a370b e-flex e-con-boxed e-con e-parent\" data-id=\"20a370b\" data-element_type=\"container\" data-e-type=\"container\">\n\t\t\t\t\t<div class=\"e-con-inner\">\n\t\t\t\t<div class=\"elementor-element elementor-element-f016cdd elementor-widget elementor-widget-text-editor\" data-id=\"f016cdd\" data-element_type=\"widget\" data-e-type=\"widget\" data-widget_type=\"text-editor.default\">\n\t\t\t\t<div class=\"elementor-widget-container\">\n\t\t\t\t\t\t\t\t\t<h3 data-start=\"1406\" data-end=\"1421\">\ud83d\udcd8 Kolleg<\/h3><p data-start=\"1422\" data-end=\"1473\"><strong data-start=\"1422\" data-end=\"1473\">Das Kolleg \u2013 f\u00fcr Erwachsene mit Berufserfahrung<\/strong><\/p><p data-start=\"1475\" data-end=\"1680\">Das Kolleg bietet Erwachsenen mit abgeschlossener Berufsausbildung oder Berufspraxis die M\u00f6glichkeit, das Abitur auf direktem Weg nachzuholen \u2013 in einem klar strukturierten, drei- oder vierj\u00e4hrigen Modell.<\/p><p data-start=\"1682\" data-end=\"1695\"><strong data-start=\"1682\" data-end=\"1695\">Ihr Plus:<\/strong><\/p><ul data-start=\"1696\" data-end=\"1912\"><li data-start=\"1696\" data-end=\"1754\"><p data-start=\"1698\" data-end=\"1754\">Unterricht am Vormittag (familien- &amp; berufsfreundlich)<\/p><\/li><li data-start=\"1755\" data-end=\"1816\"><p data-start=\"1757\" data-end=\"1816\">Kein Schulgeld \u2013 staatlich anerkannt und BAf\u00f6G-berechtigt<\/p><\/li><li data-start=\"1817\" data-end=\"1884\"><p data-start=\"1819\" data-end=\"1884\">Kombination aus Allgemeinbildung, Sprachen &amp; Wahlpflichtf\u00e4chern<\/p><\/li><li data-start=\"1885\" data-end=\"1912\"><p data-start=\"1887\" data-end=\"1912\">Einstieg ab ca. 20 Jahren<\/p><\/li><\/ul><p data-start=\"1914\" data-end=\"1942\">\u25b6 Mehr Infos zum <a class=\"\" href=\"#\" rel=\"noopener\" data-start=\"1931\" data-end=\"1942\">Kolleg<\/a><\/p>\t\t\t\t\t\t\t\t<\/div>\n\t\t\t\t<\/div>\n\t\t\t\t\t<\/div>\n\t\t\t\t<\/div>\n\t\t<div class=\"elementor-element elementor-element-543c4d7 e-flex e-con-boxed e-con e-parent\" data-id=\"543c4d7\" data-element_type=\"container\" data-e-type=\"container\">\n\t\t\t\t\t<div class=\"e-con-inner\">\n\t\t\t\t<div class=\"elementor-element elementor-element-2d42e7a elementor-widget elementor-widget-text-editor\" data-id=\"2d42e7a\" data-element_type=\"widget\" data-e-type=\"widget\" data-widget_type=\"text-editor.default\">\n\t\t\t\t<div class=\"elementor-widget-container\">\n\t\t\t\t\t\t\t\t\t<h3 data-start=\"1949\" data-end=\"1978\">\ud83d\udcd7 Fachoberschule (FOS)<\/h3><p data-start=\"1979\" data-end=\"2020\"><strong data-start=\"1979\" data-end=\"2020\">In zwei Jahren zur Fachhochschulreife<\/strong><\/p><p data-start=\"2022\" data-end=\"2247\">Die Fachoberschule (FOS) an Sankt Matthias ist eine exzellente Option f\u00fcr alle mit mittlerem Bildungsabschluss. Sie verbindet <strong data-start=\"2148\" data-end=\"2174\">praxisnahen Unterricht<\/strong> mit einem klaren Ziel: der <strong data-start=\"2202\" data-end=\"2246\">staatlich anerkannten Fachhochschulreife<\/strong>.<\/p><p data-start=\"2249\" data-end=\"2267\"><strong data-start=\"2249\" data-end=\"2267\">Ihre Vorteile:<\/strong><\/p><ul data-start=\"2268\" data-end=\"2488\"><li data-start=\"2268\" data-end=\"2306\"><p data-start=\"2270\" data-end=\"2306\">Zweij\u00e4hrige Ausbildung in Vollzeit<\/p><\/li><li data-start=\"2307\" data-end=\"2352\"><p data-start=\"2309\" data-end=\"2352\">Fachpraktikum im ersten Jahr (11. Klasse)<\/p><\/li><li data-start=\"2353\" data-end=\"2408\"><p data-start=\"2355\" data-end=\"2408\">Sprachwahl: Englisch (Pflicht), Spanisch (optional)<\/p><\/li><li data-start=\"2409\" data-end=\"2474\"><p data-start=\"2411\" data-end=\"2474\">Praxis + Theorie = Starker Start ins Studium oder Berufsleben<\/p><\/li><li data-start=\"2475\" data-end=\"2488\"><p data-start=\"2477\" data-end=\"2488\">BAf\u00f6G-f\u00e4hig<\/p><\/li><\/ul><p data-start=\"2490\" data-end=\"2515\">\u25b6 Mehr Infos zur <a class=\"\" href=\"#\" rel=\"noopener\" data-start=\"2507\" data-end=\"2515\">FOS<\/a><\/p>\t\t\t\t\t\t\t\t<\/div>\n\t\t\t\t<\/div>\n\t\t\t\t\t<\/div>\n\t\t\t\t<\/div>\n\t\t<div class=\"elementor-element elementor-element-a035a1a e-flex e-con-boxed e-con e-parent\" data-id=\"a035a1a\" data-element_type=\"container\" data-e-type=\"container\" data-settings=\"{&quot;background_background&quot;:&quot;classic&quot;}\">\n\t\t\t\t\t<div class=\"e-con-inner\">\n\t\t<div class=\"elementor-element elementor-element-44bd03d e-con-full e-flex e-con e-child\" data-id=\"44bd03d\" data-element_type=\"container\" data-e-type=\"container\">\n\t\t\t\t<div class=\"elementor-element elementor-element-19a7f3f elementor-widget elementor-widget-heading\" data-id=\"19a7f3f\" data-element_type=\"widget\" data-e-type=\"widget\" data-widget_type=\"heading.default\">\n\t\t\t\t<div class=\"elementor-widget-container\">\n\t\t\t\t\t<h2 class=\"elementor-heading-title elementor-size-default\">Wohnen &amp; Lernen kombinieren<\/h2>\t\t\t\t<\/div>\n\t\t\t\t<\/div>\n\t\t\t\t<div class=\"elementor-element elementor-element-dd6d470 elementor-widget elementor-widget-text-editor\" data-id=\"dd6d470\" data-element_type=\"widget\" data-e-type=\"widget\" data-widget_type=\"text-editor.default\">\n\t\t\t\t<div class=\"elementor-widget-container\">\n\t\t\t\t\t\t\t\t\t<p>Alle Bildungsg\u00e4nge k\u00f6nnen mit einem Platz im <strong data-start=\"2603\" data-end=\"2615\">Wohnheim<\/strong> kombiniert werden \u2013 ideal f\u00fcr Sch\u00fcler:innen, die von weiter her kommen oder bewusst in eine gemeinschaftliche Lernatmosph\u00e4re eintauchen m\u00f6chten.<\/p>\t\t\t\t\t\t\t\t<\/div>\n\t\t\t\t<\/div>\n\t\t<div class=\"elementor-element elementor-element-cf2c6e1 e-con-full e-flex e-con e-child\" data-id=\"cf2c6e1\" data-element_type=\"container\" data-e-type=\"container\">\n\t\t\t\t<div class=\"elementor-element elementor-element-f71f8dc elementor-widget elementor-widget-button\" data-id=\"f71f8dc\" data-element_type=\"widget\" data-e-type=\"widget\" data-widget_type=\"button.default\">\n\t\t\t\t<div class=\"elementor-widget-container\">\n\t\t\t\t\t\t\t\t\t<div class=\"elementor-button-wrapper\">\n\t\t\t\t\t<a class=\"elementor-button elementor-size-sm\" role=\"button\">\n\t\t\t\t\t\t<span class=\"elementor-button-content-wrapper\">\n\t\t\t\t\t\t<span class=\"elementor-button-icon\">\n\t\t\t\t<svg aria-hidden=\"true\" class=\"e-font-icon-svg e-fas-envelope-open-text\" viewBox=\"0 0 512 512\" xmlns=\"http:\/\/www.w3.org\/2000\/svg\"><path d=\"M176 216h160c8.84 0 16-7.16 16-16v-16c0-8.84-7.16-16-16-16H176c-8.84 0-16 7.16-16 16v16c0 8.84 7.16 16 16 16zm-16 80c0 8.84 7.16 16 16 16h160c8.84 0 16-7.16 16-16v-16c0-8.84-7.16-16-16-16H176c-8.84 0-16 7.16-16 16v16zm96 121.13c-16.42 0-32.84-5.06-46.86-15.19L0 250.86V464c0 26.51 21.49 48 48 48h416c26.51 0 48-21.49 48-48V250.86L302.86 401.94c-14.02 10.12-30.44 15.19-46.86 15.19zm237.61-254.18c-8.85-6.94-17.24-13.47-29.61-22.81V96c0-26.51-21.49-48-48-48h-77.55c-3.04-2.2-5.87-4.26-9.04-6.56C312.6 29.17 279.2-.35 256 0c-23.2-.35-56.59 29.17-73.41 41.44-3.17 2.3-6 4.36-9.04 6.56H96c-26.51 0-48 21.49-48 48v44.14c-12.37 9.33-20.76 15.87-29.61 22.81A47.995 47.995 0 0 0 0 200.72v10.65l96 69.35V96h320v184.72l96-69.35v-10.65c0-14.74-6.78-28.67-18.39-37.77z\"><\/path><\/svg>\t\t\t<\/span>\n\t\t\t\t\t\t\t\t\t<span class=\"elementor-button-text\">Infopaket anfordern<\/span>\n\t\t\t\t\t<\/span>\n\t\t\t\t\t<\/a>\n\t\t\t\t<\/div>\n\t\t\t\t\t\t\t\t<\/div>\n\t\t\t\t<\/div>\n\t\t\t\t<div class=\"elementor-element elementor-element-89fea56 elementor-widget elementor-widget-button\" data-id=\"89fea56\" data-element_type=\"widget\" data-e-type=\"widget\" data-widget_type=\"button.default\">\n\t\t\t\t<div class=\"elementor-widget-container\">\n\t\t\t\t\t\t\t\t\t<div class=\"elementor-button-wrapper\">\n\t\t\t\t\t<a class=\"elementor-button elementor-size-sm\" role=\"button\">\n\t\t\t\t\t\t<span class=\"elementor-button-content-wrapper\">\n\t\t\t\t\t\t<span class=\"elementor-button-icon\">\n\t\t\t\t<svg aria-hidden=\"true\" class=\"e-font-icon-svg e-fas-pen-nib\" viewBox=\"0 0 512 512\" xmlns=\"http:\/\/www.w3.org\/2000\/svg\"><path d=\"M136.6 138.79a64.003 64.003 0 0 0-43.31 41.35L0 460l14.69 14.69L164.8 324.58c-2.99-6.26-4.8-13.18-4.8-20.58 0-26.51 21.49-48 48-48s48 21.49 48 48-21.49 48-48 48c-7.4 0-14.32-1.81-20.58-4.8L37.31 497.31 52 512l279.86-93.29a64.003 64.003 0 0 0 41.35-43.31L416 224 288 96l-151.4 42.79zm361.34-64.62l-60.11-60.11c-18.75-18.75-49.16-18.75-67.91 0l-56.55 56.55 128.02 128.02 56.55-56.55c18.75-18.75 18.75-49.15 0-67.91z\"><\/path><\/svg>\t\t\t<\/span>\n\t\t\t\t\t\t\t\t\t<span class=\"elementor-button-text\">Jetzt Bewerben<\/span>\n\t\t\t\t\t<\/span>\n\t\t\t\t\t<\/a>\n\t\t\t\t<\/div>\n\t\t\t\t\t\t\t\t<\/div>\n\t\t\t\t<\/div>\n\t\t\t\t<div class=\"elementor-element elementor-element-054d4af elementor-widget elementor-widget-button\" data-id=\"054d4af\" data-element_type=\"widget\" data-e-type=\"widget\" data-widget_type=\"button.default\">\n\t\t\t\t<div class=\"elementor-widget-container\">\n\t\t\t\t\t\t\t\t\t<div class=\"elementor-button-wrapper\">\n\t\t\t\t\t<a class=\"elementor-button elementor-size-sm\" role=\"button\">\n\t\t\t\t\t\t<span class=\"elementor-button-content-wrapper\">\n\t\t\t\t\t\t<span class=\"elementor-button-icon\">\n\t\t\t\t<svg aria-hidden=\"true\" class=\"e-font-icon-svg e-fas-house-user\" viewBox=\"0 0 576 512\" xmlns=\"http:\/\/www.w3.org\/2000\/svg\"><path d=\"M570.69,236.27,512,184.44V48a16,16,0,0,0-16-16H432a16,16,0,0,0-16,16V99.67L314.78,10.3C308.5,4.61,296.53,0,288,0s-20.46,4.61-26.74,10.3l-256,226A18.27,18.27,0,0,0,0,248.2a18.64,18.64,0,0,0,4.09,10.71L25.5,282.7a21.14,21.14,0,0,0,12,5.3,21.67,21.67,0,0,0,10.69-4.11l15.9-14V480a32,32,0,0,0,32,32H480a32,32,0,0,0,32-32V269.88l15.91,14A21.94,21.94,0,0,0,538.63,288a20.89,20.89,0,0,0,11.87-5.31l21.41-23.81A21.64,21.64,0,0,0,576,248.19,21,21,0,0,0,570.69,236.27ZM288,176a64,64,0,1,1-64,64A64,64,0,0,1,288,176ZM400,448H176a16,16,0,0,1-16-16,96,96,0,0,1,96-96h64a96,96,0,0,1,96,96A16,16,0,0,1,400,448Z\"><\/path><\/svg>\t\t\t<\/span>\n\t\t\t\t\t\t\t\t\t<span class=\"elementor-button-text\">Wohnheim entdecken<\/span>\n\t\t\t\t\t<\/span>\n\t\t\t\t\t<\/a>\n\t\t\t\t<\/div>\n\t\t\t\t\t\t\t\t<\/div>\n\t\t\t\t<\/div>\n\t\t\t\t<\/div>\n\t\t\t\t<\/div>\n\t\t\t\t\t<\/div>\n\t\t\t\t<\/div>\n\t\t\t\t<\/div>\n\t\t","protected":false},"excerpt":{"rendered":"<p>Neustart wagen Ob Abitur oder Fachhochschulreife \u2013 bei uns finden Sie den passenden Weg auf dem zweiten Bildungsweg. Wir begleiten Sie pers\u00f6nlich, strukturiert und mit Herz. \ud83d\udcd8 Gymnasium 3\u20135 Jahre zur allgemeinen Hochschulreife F\u00fcr Jugendliche &#038; junge Erwachsene mit mittlerem Bildungsabschluss Sprachen: Englisch, Latein, Altgriechisch, Franz\u00f6sisch Individuelle Wege durch Vorkurse oder 11E Staatlich anerkannt &#038; [&hellip;]<\/p>\n","protected":false},"author":1,"featured_media":0,"parent":0,"menu_order":0,"comment_status":"closed","ping_status":"closed","template":"","meta":{"footnotes":""},"class_list":["post-163","page","type-page","status-publish","hentry"],"_links":{"self":[{"href":"https:\/\/neu.sankt-matthias.de\/index.php?rest_route=\/wp\/v2\/pages\/163","targetHints":{"allow":["GET"]}}],"collection":[{"href":"https:\/\/neu.sankt-matthias.de\/index.php?rest_route=\/wp\/v2\/pages"}],"about":[{"href":"https:\/\/neu.sankt-matthias.de\/index.php?rest_route=\/wp\/v2\/types\/page"}],"author":[{"embeddable":true,"href":"https:\/\/neu.sankt-matthias.de\/index.php?rest_route=\/wp\/v2\/users\/1"}],"replies":[{"embeddable":true,"href":"https:\/\/neu.sankt-matthias.de\/index.php?rest_route=%2Fwp%2Fv2%2Fcomments&post=163"}],"version-history":[{"count":5,"href":"https:\/\/neu.sankt-matthias.de\/index.php?rest_route=\/wp\/v2\/pages\/163\/revisions"}],"predecessor-version":[{"id":11781,"href":"https:\/\/neu.sankt-matthias.de\/index.php?rest_route=\/wp\/v2\/pages\/163\/revisions\/11781"}],"wp:attachment":[{"href":"https:\/\/neu.sankt-matthias.de\/index.php?rest_route=%2Fwp%2Fv2%2Fmedia&parent=163"}],"curies":[{"name":"wp","href":"https:\/\/api.w.org\/{rel}","templated":true}]}}