{"id":11228,"date":"2026-01-07T15:53:35","date_gmt":"2026-01-07T14:53:35","guid":{"rendered":"https:\/\/neu.sankt-matthias.de\/?page_id=11228"},"modified":"2026-04-10T09:26:18","modified_gmt":"2026-04-10T07:26:18","slug":"anmeldeboegen","status":"publish","type":"page","link":"https:\/\/neu.sankt-matthias.de\/?page_id=11228","title":{"rendered":"Anmeldung: die n\u00f6tigen Schritte"},"content":{"rendered":"\t\t<div data-elementor-type=\"wp-page\" data-elementor-id=\"11228\" class=\"elementor elementor-11228\" data-elementor-post-type=\"page\">\n\t\t\t\t<div class=\"elementor-element elementor-element-33f3dcca e-flex e-con-boxed e-con e-parent\" data-id=\"33f3dcca\" data-element_type=\"container\" data-e-type=\"container\">\n\t\t\t\t\t<div class=\"e-con-inner\">\n\t\t\t\t<div class=\"elementor-element elementor-element-6d55d67f elementor-widget elementor-widget-text-editor\" data-id=\"6d55d67f\" data-element_type=\"widget\" data-e-type=\"widget\" data-widget_type=\"text-editor.default\">\n\t\t\t\t<div class=\"elementor-widget-container\">\n\t\t\t\t\t\t\t\t\t\n<ul class=\"wp-block-list\">\n<li>\n<h2>\ud83d\udcdd <strong><strong>Gymnasium und Kolleg<br \/><\/strong><\/strong><\/h2>\n<div class=\"vc_row wpb_row vc_row-fluid\">\n<div class=\"wpb_column vc_column_container vc_col-sm-12\">\n<div class=\"vc_column-inner\">\n<div class=\"wpb_wrapper\">\n<div class=\"wpb_text_column wpb_content_element\">\n<div class=\"wpb_wrapper\">\n<p>1) F\u00fcllen Sie den\u00a0Online-Anmeldebogen aus:<\/p>\n<p>a) Klicken Sie nach vollst\u00e4ndiger Eintragung auf <strong><u>Daten absenden<\/u><\/strong>. Sie erhalten eine Best\u00e4tigungs-Email. Ihre Bewerbung wurde damit registriert.<\/p>\n<p>b) Klicken Sie dann auf <strong>Alle Antragsformulare ausdrucken und speichern.<\/strong><\/p>\n<p>c) Ihr Antrag erscheint als pdf-Datei. Bitte <strong>erg\u00e4nzen<\/strong> Sie fehlende Angaben, <strong>drucken<\/strong> den Antrag aus und <strong>unterschreiben<\/strong><\/p>\n<p>-&gt; <a href=\"http:\/\/www.schulantrag.de\/?sch=0331\" target=\"_blank\" rel=\"noopener\">Online-Anmeldebogen<\/a><\/p>\n<p>2) Werfen Sie diesen <strong>Antrag<\/strong>, Ihr letztes <strong>Schulzeugnis<\/strong> (Original und Kopie) und einen <strong>Lebenslauf<\/strong> (tabellarisch, l\u00fcckenlos, unterschrieben) in unseren Briefkasten (auf eigenes Risiko auch per Briefpost).<\/p>\n<p>a) Erst mit Eintreffen dieser Unterlagen bei uns gelten Sie als angemeldet.<\/p>\n<p>b) Wir laden Sie dann zu einem Beratungsgespr\u00e4ch ein. Dabei k\u00f6nnen Fragen gekl\u00e4rt werden:<\/p>\n<ul>\n<li>\n<ul>\n<li>endg\u00fcltige Wahl F\u00e4cher, Sprachen, \u2026<\/li>\n<li>weitere ben\u00f6tigte Unterlagen<\/li>\n<li>sonstige Fragen, W\u00fcnsche, Probleme<\/li>\n<\/ul>\n<\/li>\n<\/ul>\n<p>Haben Sie noch Fragen? Dann wenden Sie sich gerne an:<\/p>\n<p>E-Mail: <a href=\"mailto:info@sankt-matthias.de\">info@sankt-matthias.de<\/a>\u00a0\u00a0\u00a0\u00a0\u00a0\u00a0\u00a0\u00a0\u00a0\u00a0\u00a0\u00a0 Tel: 08171 998 0<\/p>\n<p>Wir freuen uns, Sie bei uns an der Schule begr\u00fc\u00dfen zu d\u00fcrfen!<\/p>\n<\/div>\n<\/div>\n<\/div>\n<\/div>\n<\/div>\n<\/div>\n<\/li>\n<\/ul>\n\t\t\t\t\t\t\t\t<\/div>\n\t\t\t\t<\/div>\n\t\t\t\t\t<\/div>\n\t\t\t\t<\/div>\n\t\t<div class=\"elementor-element elementor-element-e4810dc e-flex e-con-boxed e-con e-parent\" data-id=\"e4810dc\" data-element_type=\"container\" data-e-type=\"container\">\n\t\t\t\t\t<div class=\"e-con-inner\">\n\t\t\t\t<div class=\"elementor-element elementor-element-dd13ff7 elementor-widget elementor-widget-text-editor\" data-id=\"dd13ff7\" data-element_type=\"widget\" data-e-type=\"widget\" data-widget_type=\"text-editor.default\">\n\t\t\t\t<div class=\"elementor-widget-container\">\n\t\t\t\t\t\t\t\t\t<h2>\ud83d\udcdd<strong>FOS Sozialwesen<\/strong><\/h2>\n<div class=\"vc_row wpb_row vc_row-fluid\">\n<div class=\"wpb_column vc_column_container vc_col-sm-12\">\n<div class=\"vc_column-inner\">\n<div class=\"wpb_wrapper\">\n<div class=\"wpb_text_column wpb_content_element\">\n<div class=\"wpb_wrapper\">\n<p>1) F\u00fcllen Sie den\u00a0Online-Anmeldebogen aus:<\/p>\n<p style=\"padding-left: 40px;\">a) Klicken Sie nach vollst\u00e4ndiger Eintragung auf <strong><u>Daten absenden<\/u><\/strong>. Sie erhalten eine Best\u00e4tigungs-Email. Ihre Bewerbung wurde damit registriert.<\/p>\n<p style=\"padding-left: 40px;\">b) Klicken Sie dann auf <strong>Alle Antragsformulare ausdrucken und speichern<\/strong>.<\/p>\n<p style=\"padding-left: 40px;\">c) Ihr Antrag erscheint als pdf-Datei. Bitte <strong>erg\u00e4nzen<\/strong> Sie fehlende Angaben, <strong>drucken<\/strong> den Antrag aus und <strong>unterschreiben<\/strong><\/p>\n<p>-&gt; <a href=\"http:\/\/www.schulantrag.de\/?sch=1192\" target=\"_blank\" rel=\"noopener\">Online-Anmeldebogen<\/a><\/p>\n<p>2) Werfen Sie diesen <strong>Antrag<\/strong>, Ihr letztes <strong>Schulzeugnis<\/strong> (Original und Kopie) und einen <strong>Lebenslauf<\/strong> (tabellarisch, l\u00fcckenlos, unterschrieben) in unseren Briefkasten (auf eigenes Risiko auch per Briefpost)<\/p>\n<p style=\"padding-left: 40px;\"><strong><span style=\"color: #ff6600;\">a) Diese Unterlagen m\u00fcssen bis zum Ende des Anmeldezeitraums bei uns vorliegen<\/span>.<\/strong> Erst dann gelten Sie als angemeldet.<\/p>\n<p><u>Anmeldezeitraum<\/u>: <strong>23.02. bis 06.03.2026<\/strong><\/p>\n<p>Sollten Ihre Unterlagen nicht rechtzeitig bei uns eintreffen, kann Ihre Bewerbung in der Regel nicht mehr ber\u00fccksichtigt werden.<\/p>\n<p style=\"padding-left: 40px;\">b) Ggf. findet ein noch Beratungsgespr\u00e4ch mit Ihnen statt, um Fragen zu kl\u00e4ren (W\u00fcnsche, Probleme, weitere ben\u00f6tigte Unterlagen).<\/p>\n<p style=\"padding-left: 40px;\">c) Ansonsten erhalten Sie von uns ein Schreiben, worin wir weitere ben\u00f6tigte Unterlagen anfordern.<\/p>\n<p>Haben Sie noch Fragen? Dann wenden Sie sich gerne an:<\/p>\n<p>E-Mail: <a href=\"mailto:info@sankt-matthias.de\">info@sankt-matthias.de<\/a>\u00a0\u00a0\u00a0\u00a0\u00a0\u00a0\u00a0\u00a0\u00a0\u00a0\u00a0\u00a0\u00a0\u00a0\u00a0\u00a0\u00a0\u00a0\u00a0\u00a0\u00a0\u00a0\u00a0\u00a0\u00a0\u00a0\u00a0 Tel: 08171 998 0<\/p>\n<\/div>\n<\/div>\n<\/div>\n<\/div>\n<\/div>\n<\/div>\t\t\t\t\t\t\t\t<\/div>\n\t\t\t\t<\/div>\n\t\t\t\t\t<\/div>\n\t\t\t\t<\/div>\n\t\t<div class=\"elementor-element elementor-element-95cd6eb e-flex e-con-boxed e-con e-parent\" data-id=\"95cd6eb\" data-element_type=\"container\" data-e-type=\"container\">\n\t\t\t\t\t<div class=\"e-con-inner\">\n\t\t\t\t<div class=\"elementor-element elementor-element-ee8df15 elementor-widget elementor-widget-text-editor\" data-id=\"ee8df15\" data-element_type=\"widget\" data-e-type=\"widget\" data-widget_type=\"text-editor.default\">\n\t\t\t\t<div class=\"elementor-widget-container\">\n\t\t\t\t\t\t\t\t\t<h2>\ud83d\udcdd<strong>FOS Gestaltung<\/strong><\/h2>\n<div class=\"vc_row wpb_row vc_row-fluid\">\n<div class=\"wpb_column vc_column_container vc_col-sm-12\">\n<div class=\"vc_column-inner\">\n<div class=\"wpb_wrapper\">\n<div class=\"wpb_text_column wpb_content_element\">\n<div class=\"wpb_wrapper\">\n<p>1) F\u00fcllen Sie den\u00a0Online-Anmeldebogen aus:<\/p>\n<p style=\"padding-left: 40px;\">a) Klicken Sie nach vollst\u00e4ndiger Eintragung auf <strong><u>Daten absenden<\/u><\/strong>. Sie erhalten eine Best\u00e4tigungs-Email. Ihre Bewerbung wurde damit registriert.<br \/>b) Klicken Sie dann auf <strong>Alle Antragsformulare ausdrucken und speichern<\/strong>.<br \/>c) Ihr Antrag erscheint als pdf-Datei. Bitte <strong>erg\u00e4nzen<\/strong> Sie fehlende Angaben, <strong>drucken<\/strong> den Antrag aus und <strong>unterschreiben<\/strong><\/p>\n<p>-&gt; <a href=\"http:\/\/www.schulantrag.de\/?sch=1192\" target=\"_blank\" rel=\"noopener\">Online-Anmeldebogen<\/a><\/p>\n<p>\u00a0<\/p>\n<p>2) Werfen Sie diesen <strong>Antrag<\/strong>, Ihr letztes <strong>Schulzeugnis<\/strong> (Original und Kopie) und einen <strong>Lebenslauf<\/strong> (tabellarisch, l\u00fcckenlos, unterschrieben) in unseren Briefkasten.\u00a0<\/p>\n<p style=\"padding-left: 40px;\">a) <span style=\"color: #ff0000;\"><strong>Diese Unterlagen m\u00fcssen bis zum Ende des Anmeldezeitraums bei uns vorliegen.<\/strong><\/span> Erst dann gelten Sie als angemeldet.<\/p>\n<p style=\"padding-left: 40px;\"><u>Anmeldezeitraum<\/u>: <strong>23.02. bis 06.03.2026<\/strong><\/p>\n<p style=\"padding-left: 40px;\">Sollten Ihre Unterlagen nicht rechtzeitig bei uns eintreffen, werden Sie nicht zur Aufnahmepr\u00fcfung (Gestaltung) zugelassen.<\/p>\n<p style=\"padding-left: 40px;\">Zur <strong>Aufnahmepr\u00fcfung<\/strong> m\u00fcssen Sie einen amtlichen Lichtbildausweis (Personalausweis) dabeihaben.<\/p>\n<p style=\"padding-left: 40px;\"><u>Termin Aufnahmepr\u00fcfung<\/u>: <strong>11.03.2026<\/strong><\/p>\n<p style=\"padding-left: 40px;\"><u>Nachtermin zur Aufnahmepr\u00fcfung<\/u>: Anfang Juli 2026 (Das genaue Datum wird noch bekanntgegeben.)<\/p>\n<p style=\"padding-left: 40px;\">Das Ergebnis der Aufnahmepr\u00fcfung erhalten Sie eine Woche sp\u00e4ter per E-Mail und per Brief. Sollten Sie die Aufnahmepr\u00fcfung nicht bestanden haben, k\u00f6nnen Sie sich mit dem Ablehnungsbescheid noch an einer anderen FOS mit anderer Ausbildungsrichtung einschreiben.<\/p>\n<p style=\"padding-left: 40px;\"><a href=\"https:\/\/sankt-matthias.de\/aufnahmepruefung-fos\/\" target=\"_blank\" rel=\"noopener\"><strong>Wichtige Infos zur Aufnahmepr\u00fcfung<\/strong><\/a><\/p>\n<p style=\"padding-left: 40px;\">b) ggf. findet ein noch Beratungsgespr\u00e4ch mit Ihnen statt, um Fragen zu kl\u00e4ren (W\u00fcnsche, Probleme, weitere ben\u00f6tigte Unterlagen).<\/p>\n<p style=\"padding-left: 40px;\">c) Ansonsten erhalten Sie von uns ein Schreiben, worin wir weitere ben\u00f6tigte Unterlagen anfordern.<\/p>\n<p>Haben Sie noch Fragen? Dann wenden Sie sich gerne an:<\/p>\n<p>E-Mail: <a href=\"mailto:info@sankt-matthias.de\">info@sankt-matthias.de<\/a>\u00a0\u00a0\u00a0\u00a0\u00a0\u00a0\u00a0\u00a0\u00a0\u00a0\u00a0\u00a0\u00a0\u00a0\u00a0\u00a0\u00a0\u00a0\u00a0\u00a0\u00a0\u00a0\u00a0\u00a0\u00a0\u00a0\u00a0 Tel: 08171 998 0<\/p>\n<\/div>\n<\/div>\n<\/div>\n<\/div>\n<\/div>\n<\/div>\t\t\t\t\t\t\t\t<\/div>\n\t\t\t\t<\/div>\n\t\t\t\t\t<\/div>\n\t\t\t\t<\/div>\n\t\t<div class=\"elementor-element elementor-element-0a8fc9a e-flex e-con-boxed e-con e-parent\" data-id=\"0a8fc9a\" data-element_type=\"container\" data-e-type=\"container\">\n\t\t\t\t\t<div class=\"e-con-inner\">\n\t\t\t\t<div class=\"elementor-element elementor-element-6f530df elementor-widget elementor-widget-text-editor\" data-id=\"6f530df\" data-element_type=\"widget\" data-e-type=\"widget\" data-widget_type=\"text-editor.default\">\n\t\t\t\t<div class=\"elementor-widget-container\">\n\t\t\t\t\t\t\t\t\t<table width=\"751\">\n<tbody>\n<tr>\n<td width=\"468\"><strong>\u00a0\u00a0 Wichtige Hinweise zur Aufnahmepr\u00fcfung!<br \/><\/strong><strong>Folgende Materialien<\/strong> <strong>m\u00fcssen zur Pr\u00fcfung mitgebracht werden<\/strong>:\n<p>\u00a0<\/p>\n<table width=\"658\">\n<tbody>\n<tr>\n<td width=\"452\"><strong>Lichtbildausweis <\/strong>(sonst ist keine Teilnahme m\u00f6glich!)<\/td>\n<\/tr>\n<tr>\n<td width=\"452\"><strong>Bleistifte<\/strong> (weich, mittel, hart)<\/td>\n<\/tr>\n<tr>\n<td width=\"452\"><strong>Spitzer<\/strong> mit Auffangbeh\u00e4lter, <strong>Radiergummi<\/strong> (und Knetradiergummi)<\/td>\n<\/tr>\n<tr>\n<td width=\"452\"><strong>Tesakreppband<\/strong> zum Fixieren<\/td>\n<\/tr>\n<tr>\n<td width=\"452\"><strong>Wasser<\/strong>beh\u00e4lter (z.B. Kunsttoffbecher) und gef\u00fcllte Wasserflasche<\/td>\n<\/tr>\n<tr>\n<td width=\"452\"><strong>Lappen <\/strong>oder K\u00fcchenrolle<\/td>\n<\/tr>\n<tr>\n<td width=\"452\"><strong>Pinsel <\/strong>(verschiedene Gr\u00f6\u00dfen, ein sehr d\u00fcnner)<\/td>\n<\/tr>\n<tr>\n<td width=\"452\">ein <strong>Fineliner\u00a0<\/strong>(d\u00fcnn und schwarz) und ein <strong>Kugelsschreiber<\/strong><\/td>\n<\/tr>\n<tr>\n<td width=\"452\">ein <strong>Zeichenblock DIN-A3 und DIN-A4<\/strong> (dient auch als Unterlage und f\u00fcr Skizzen)<\/td>\n<\/tr>\n<tr>\n<td width=\"452\">Wasservermalbare <strong>Farben<\/strong> (z.B. Schulmalkasten, Acryl-, Aquarell-, Tempera-, Gouachefarben), <strong>Buntstifte<\/strong><\/td>\n<\/tr>\n<tr>\n<td width=\"452\"><strong>keine<\/strong> Aquarellstifte, Filzstifte, \u00d6lfarben, \u00d6lkreiden<\/td>\n<\/tr>\n<tr>\n<td width=\"452\"><strong>3,-\u20ac <\/strong> \u2013 bitte passend mitbringen \u2013 zur Deckung der Kosten f\u00fcr Materialien, die von der Schule gestellt werden<\/td>\n<\/tr>\n<\/tbody>\n<\/table>\n<\/td>\n<\/tr>\n<\/tbody>\n<\/table>\n<p>Die Aufnahmepr\u00fcfung soll zeigen, ob ein erfolgreiches Mitarbeiten in Gestaltung zu erwarten ist. Wir erwarten nicht perfektes K\u00f6nnen, sondern Offenheit, Interesse und Gestaltungsfreude.<br \/>Die Aufnahmepr\u00fcfung ist <strong>rein praktisch<\/strong> und umfasst <strong>zwei Teile<\/strong>, die beide jeweils 120 Minuten umfassen (Gesamtdauer also 240 Minuten):<\/p>\n<ul>\n<li><strong><u>\u201eArbeit nach der sichtbaren Wirklichkeit\u201c:\u00a0 Bleistiftzeichnung<\/u><\/strong>\n<ul>\n<li>Untersuchen Sie zeichnerisch allt\u00e4gliche Dinge und Details aus Ihrer Umgebung (nicht vom Bildschirm, sondern tats\u00e4chliche Dinge!) und arrangieren Sie diese bewusst auf der Bildfl\u00e4che und zu spannenden Objektgruppen.<\/li>\n<li>Verzichten Sie dabei auf ein Schummern, setzen Sie stattdessen Schraffurtechniken ein.<\/li>\n<li>Arbeiten Sie auf einem DIN-A4-Blatt und \u00fcberdenken Sie Hoch- oder Querformat.<\/li>\n<\/ul>\n<\/li>\n<li><strong><u>\u201eArbeit aus der Vorstellung\u201c: Malerische Arbeit<\/u><\/strong>\n<ul>\n<li>Hier geht es um Ihre Vorstellungskraft. Es wird in der Pr\u00fcfung keine Vorlagen geben.<\/li>\n<li>Nehmen Sie sich zur \u00dcbung Songtexte, Geschichten oder auch einfach \u00dcberschriften aus der Wochenzeitung vor und versuchen Sie zun\u00e4chst, skizzenhaft Bildideen dazu zu entwickeln.<\/li>\n<li>Gestalten Sie dann in individueller Weise (m\u00f6glichst keine Klischees aus Social Media) auf einem DIN-A3-Format ein ganzes Blatt zu diesem Thema. Arbeiten Sie hier mit Wasser- oder Aquarellfarben. Es d\u00fcrfen keine <strong>keine Aquarell- oder Filzstifte <\/strong>verwendet werden<strong>, keine \u00d6lfarben oder \u00d6lkreiden!<\/strong><\/li>\n<\/ul>\n<\/li>\n<\/ul>\n<p><strong>Ansprechpartnerin:<br \/><\/strong>Frau Wawatschek: <a href=\"mailto:wawatschek@sankt-matthias.de\">wawatschek@sankt-matthias.de<\/a><\/p>\t\t\t\t\t\t\t\t<\/div>\n\t\t\t\t<\/div>\n\t\t\t\t\t<\/div>\n\t\t\t\t<\/div>\n\t\t\t\t<\/div>\n\t\t","protected":false},"excerpt":{"rendered":"<p>\ud83d\udcddFOS Sozialwesen 1) F\u00fcllen Sie den\u00a0Online-Anmeldebogen aus: a) Klicken Sie nach vollst\u00e4ndiger Eintragung auf Daten absenden. Sie erhalten eine Best\u00e4tigungs-Email. Ihre Bewerbung wurde damit registriert. b) Klicken Sie dann auf Alle Antragsformulare ausdrucken und speichern. c) Ihr Antrag erscheint als pdf-Datei. Bitte erg\u00e4nzen Sie fehlende Angaben, drucken den Antrag aus und unterschreiben -&gt; Online-Anmeldebogen 2) [&hellip;]<\/p>\n","protected":false},"author":5,"featured_media":0,"parent":0,"menu_order":0,"comment_status":"closed","ping_status":"closed","template":"","meta":{"footnotes":""},"class_list":["post-11228","page","type-page","status-publish","hentry"],"_links":{"self":[{"href":"https:\/\/neu.sankt-matthias.de\/index.php?rest_route=\/wp\/v2\/pages\/11228","targetHints":{"allow":["GET"]}}],"collection":[{"href":"https:\/\/neu.sankt-matthias.de\/index.php?rest_route=\/wp\/v2\/pages"}],"about":[{"href":"https:\/\/neu.sankt-matthias.de\/index.php?rest_route=\/wp\/v2\/types\/page"}],"author":[{"embeddable":true,"href":"https:\/\/neu.sankt-matthias.de\/index.php?rest_route=\/wp\/v2\/users\/5"}],"replies":[{"embeddable":true,"href":"https:\/\/neu.sankt-matthias.de\/index.php?rest_route=%2Fwp%2Fv2%2Fcomments&post=11228"}],"version-history":[{"count":5,"href":"https:\/\/neu.sankt-matthias.de\/index.php?rest_route=\/wp\/v2\/pages\/11228\/revisions"}],"predecessor-version":[{"id":11836,"href":"https:\/\/neu.sankt-matthias.de\/index.php?rest_route=\/wp\/v2\/pages\/11228\/revisions\/11836"}],"wp:attachment":[{"href":"https:\/\/neu.sankt-matthias.de\/index.php?rest_route=%2Fwp%2Fv2%2Fmedia&parent=11228"}],"curies":[{"name":"wp","href":"https:\/\/api.w.org\/{rel}","templated":true}]}}